
{"id":238,"date":"2013-11-07T09:24:59","date_gmt":"2013-11-07T09:24:59","guid":{"rendered":"https:\/\/sites.brandlovers.co.mz\/transcom\/transcom\/?page_id=238"},"modified":"2014-01-24T07:46:16","modified_gmt":"2014-01-24T07:46:16","slug":"texto-fixo","status":"publish","type":"page","link":"https:\/\/www.itc.ac.mz\/?page_id=238","title":{"rendered":"Texto Fixo"},"content":{"rendered":"<p>Transcom, Sociedade de Forma\u00e7\u00e3o, Consultoria e Auditoria em Transportes e Comunica\u00e7\u00f5es, SA<br \/>\nUm  projecto multi-facetado que, para al\u00e9m da exist\u00eancia e actividade pr\u00f3pria, inclui duas institui\u00e7\u00f5es de forma\u00e7\u00e3o que criou:<\/p>\n<p>&#8211; ITC &#8211; Instituto de Transportes e Comunica\u00e7\u00f5es, instituto m\u00e9dio t\u00e9cnico-profissional privado (desde 1998)<\/p>\n<p>&#8211; ISUTC &#8211; Instituto Superior de Transportes e Comunica\u00e7\u00f5es, uma institui\u00e7\u00e3o de ensino superior privada (desde 2000)<\/p>\n","protected":false},"excerpt":{"rendered":"<p>Transcom, Sociedade de Forma\u00e7\u00e3o, Consultoria e Auditoria em Transportes e Comunica\u00e7\u00f5es, SA Um projecto multi-facetado que, para al\u00e9m da exist\u00eancia e actividade pr\u00f3pria, inclui duas institui\u00e7\u00f5es de forma\u00e7\u00e3o que criou: &#8211; ITC &#8211; Instituto de Transportes e Comunica\u00e7\u00f5es, instituto m\u00e9dio t\u00e9cnico-profissional privado (desde 1998) &#8211; ISUTC &#8211; Instituto Superior de Transportes e Comunica\u00e7\u00f5es, uma institui\u00e7\u00e3o [&hellip;]<\/p>\n","protected":false},"author":60,"featured_media":0,"parent":0,"menu_order":0,"comment_status":"open","ping_status":"open","template":"","meta":{"_acf_changed":false,"footnotes":""},"class_list":["post-238","page","type-page","status-publish","hentry"],"acf":[],"_links":{"self":[{"href":"https:\/\/www.itc.ac.mz\/index.php?rest_route=\/wp\/v2\/pages\/238","targetHints":{"allow":["GET"]}}],"collection":[{"href":"https:\/\/www.itc.ac.mz\/index.php?rest_route=\/wp\/v2\/pages"}],"about":[{"href":"https:\/\/www.itc.ac.mz\/index.php?rest_route=\/wp\/v2\/types\/page"}],"author":[{"embeddable":true,"href":"https:\/\/www.itc.ac.mz\/index.php?rest_route=\/wp\/v2\/users\/60"}],"replies":[{"embeddable":true,"href":"https:\/\/www.itc.ac.mz\/index.php?rest_route=%2Fwp%2Fv2%2Fcomments&post=238"}],"version-history":[{"count":7,"href":"https:\/\/www.itc.ac.mz\/index.php?rest_route=\/wp\/v2\/pages\/238\/revisions"}],"predecessor-version":[{"id":302,"href":"https:\/\/www.itc.ac.mz\/index.php?rest_route=\/wp\/v2\/pages\/238\/revisions\/302"}],"wp:attachment":[{"href":"https:\/\/www.itc.ac.mz\/index.php?rest_route=%2Fwp%2Fv2%2Fmedia&parent=238"}],"curies":[{"name":"wp","href":"https:\/\/api.w.org\/{rel}","templated":true}]}}